{"id":209,"date":"2013-06-24T06:02:45","date_gmt":"2013-06-24T06:02:45","guid":{"rendered":"http:\/\/www.hppi.de\/?page_id=209"},"modified":"2019-11-18T11:32:25","modified_gmt":"2019-11-18T11:32:25","slug":"matthias-stecher-founder","status":"publish","type":"page","link":"https:\/\/www.hppi.de\/?page_id=209","title":{"rendered":"Dr.-Ing. Matthias Stecher, Founder"},"content":{"rendered":"<h2>Device Physics<\/h2>\n<h3>Sales &#038; Marketing<\/h3>\n<table style=\"table-layout:auto\">\n<tr>\n<td>2009<\/td>\n<td>:<\/td>\n<td>Co-founder of the High Power Pulse Instruments GmbH<\/td>\n<\/tr>\n<tr>\n<td>Since 2005<\/td>\n<td>:<\/td>\n<td>Technical consultant for smart power technology developments<\/td>\n<\/tr>\n<tr>\n<td>1998 &#8211; 2005<\/td>\n<td>:<\/td>\n<td>Technology project manager for smart power technologies in Munich (Germany) for Infineon Technologies<\/td>\n<\/tr>\n<tr>\n<td>1994 &#8211; 1998<\/td>\n<td>:<\/td>\n<td>R&#038;D engineer in the area of smart power technology development at the EZM Villach (Austria) of the SIEMENS AG<\/td>\n<\/tr>\n<tr>\n<td>1995<\/td>\n<td>:<\/td>\n<td>PhD degree of the RWTH Aachen (Germany) with the subject &#8220;coupled process-\/device simulation&#8221;<\/td>\n<\/tr>\n<tr>\n<td>1988 &#8211; 1994<\/td>\n<td>:<\/td>\n<td>Research assistant at the RWTH Aachen (Germany) with the focus on software development for process, device and circuit simulation<\/td>\n<\/tr>\n<\/table>\n<h2>List of Publications<\/h2>\n<h2>BCD technologies in general<\/h2>\n<p>J. Busch, M. Denison, G. Groos, H. Gruber, R. Hofmann, N. Jensen, A. Meiser, P. Nelle, R. Weeger, W. Schwetlick, M. Stecher: &#8220;Key Features of a Smart Power Technology for Automotive Applications&#8221;; International Conference on Integrated Power Systems, 2002<\/p>\n<p>Stecher, M.; Jensen, N.; Denison, M.; Rudolf, R.; Strzalkoswi, B.; Muenzer, M.N.; Lorenz, L.; &#8220;Key technologies for system-integration in the automotive and Industrial Applications&#8221;, Power Electronics, IEEE Transactions on; Volume 20,  Issue 3,  May 2005 Page(s):537 &#8211; 549<\/p>\n<p>Denison, M.; Pfost, M.; Stecher, M.; Silber, D.; &#8220;Analysis and modeling of DMOS FBSOA limited by n-p-n leakage diffusion current&#8221;; Power Semiconductor Devices and ICs, 2005. Proceedings. ISPSD &#8217;05. The 17th International Symposium on; 23-26 May 2005 Page(s):331 &#8211; 334<\/p>\n<p>Denison, M.; Pfost, M.; Pieper, K.-W.; Markl, S.; Metzner, D.; Stecher, M.; &#8220;Influence of inhomogeneous current distribution on the thermal SOA of integrated DMOS transistors&#8221;; Power Semiconductor Devices and ICs, 2004. Proceedings. ISPSD &#8217;04. The 16th International Symposium on; 24-27 May 2004 Page(s):409 &#8211; 412<\/p>\n<h2>Simulation &#038; Modeling<\/h2>\n<p>Stecher, M.; Meinerzhagen, B.; Kr\u00fccken, J.M.J.; Engl, W.L.; &#8220;A Modular Approach to Parallel Mixed Level Device\/Circuit Simulation&#8221;, VLSI Process and Device Modeling, 1990. (1990 VPAD) 1990 International Workshop on;<\/p>\n<p>Stecher, M.; Meinerzhagen, B.; Bork, I.; Kr\u00fccken, J.M.J.; Maas, P.; Engl, W.L.; &#8220;Influence Of Energy Transport Related Effects On NPN BJT Device Performance And ECL Gate Delay Analyzed By 2D Parallel Mixed Level Device\/circuit Simulation&#8221;; VLSI Process and Device Modeling, 1993. (1993 VPAD) 1993 International Workshop on; May 14-15, 1993 Page(s):170 &#8211; 171<\/p>\n<p>Stecher, M.; Meinerzhagen, B.; Maas, P.; Engl, W.L.; &#8220;On the Influence of Thermal Diffusion and Heat Fluy on Bipolar Device and Circuit Performance&#8221;; Simulation of Semiconductor Devices and Processes, SISDEP 1993<\/p>\n<p>Stecher, M.; Engl, W.L.; &#8220;KYOKO: a new approach to couple 2D process and device simulation&#8221;; Numerical Modeling of Processes and Devices for Integrated Circuits, 1994. NUPAD V., International Workshop on; 5-6 June 1994 Page(s):85 &#8211; 8<\/p>\n<p>Reggiani, S.; Gnani, E.; Rudan, M.; Baccarani, G.; Corvasce, C.; Barlini, D.; Ciappa, M.; Fichtner, W.; Denison, M.; Jensen, N.; Groos, G.; Stecher, M.; &#8220;Experimental extraction of the electron impact-ionization coefficient at large operating temperatures&#8221;; Electron Devices Meeting, 2004. IEDM Technical Digest. IEEE International; 13-15 Dec. 2004 Page(s):407 &#8211; 410<\/p>\n<p>Einfeld, J.; Schaper, U.; Kollmer, U.; Nelle, P.; Englisch, J.; Stecher, M.; &#8220;A new test circuit for the matching characterization of npn bipolar transistors&#8221;; Microelectronic Test Structures, 2004. Proceedings. ICMTS &#8217;04. The International Conference on; 22-25 March 2004 Page(s):127 &#8211; 131<\/p>\n<p>Rudan, M.; Reggiani, S.; Gnani, E.; Baccarani, G.; Corvasce, C.; Barlini, D.; Ciappa, M.; Fichtner, W.; Denison, M.; Jensen, N.; Groos, G.; Stecher, M.; &#8220;Theory and experimental validation of a new analytical model for the position-dependent Hall Voltage in devices with arbitrary aspect ratio&#8221;; IEEE Transactions on Electronic Devices, Vol 53, 2006<\/p>\n<p>Rudan, M.; Reggiani, S.; Gnani, E.; Baccarani, G.; corvasce, C.; Ciappa, M.; Stecher, M.; Pogany, D.; Gornik, E.; &#8220;Physical models for smart-power devices&#8221;; Mixed Design of Integrated Circuits and System, 2006. MIXDES 2006. Proceedings of the International Conference; 22-24 June 2006 Page(s):28 &#8211; 33<\/p>\n<p>Rudan, M.; Reggiani, S.; Gnani, E.; Baccarani, G.; Corvasce, C.; Barlini, D.; Ciappa, M.; Fichtner, W.; Denison, M.; Jensen, N.; Groos, G.; Stecher, M.; &#8220;Experimental validation of a new analytical model for the position-dependent Hall voltage in semiconductor devices&#8221; ; Solid-State Device Research Conference, 2005. ESSDERC 2005. Proceedings of 35th European; 12-16 Sept. 2005 Page(s):565 &#8211; 568<\/p>\n<h2> ESD topic <\/h2>\n<p>Y. Cao, U. Glaser, J. Willemen, F. Magrini, M. Mayerhofer, S. Frei, and M. Stecher, \u201cESD simulation with Wunsch-Bell based behavior modeling methodology,\u201d in EOS\/ESD Symposium Proceedings, Sep. 2011, pp. 1\u201310.<\/p>\n<p>D. Pogany, N. Seliger, M. Litzenberger, H. Gossner, M. Stecher, T. M\u00fcller-Lynch, W. Werner and E. Gornik, &#8220;Damage analysis in smart power technology electrostatic discharge (ESD) protection devices&#8221;,  Microel. Reliab., Vol. 39 (1999), pp. 1143-1148. (special issue from Conf. ESREF&#8217;99, Bordeaux, France, 5-8 October 1999)<\/p>\n<p>C. F\u00fcrb\u00f6ck, M. Litzenberger, D.Pogany, E.Gornik, N.Seliger, T.M\u00fcller-Lynch, M.Stecher, H.Gossner,W.Werner, &#8220;Laser interferometric method for ns-time scale thermal mapping of smart power ESD protection devices during ESD stress&#8221;, Microel. Reliab., Vol. 39 (1999), pp. 925-930. (special issue from Conf. ESREF&#8217;99, Bordeaux, France, 5-8 October 1999)<\/p>\n<p>C. F\u00fcrb\u00f6ck, D. Pogany, M. Litzenberger, E. Gornik, N. Seliger, H. Gossner, T. M\u00fcller-Lynch, M. Stecher, W. Werner, &#8220;Interferometric temperature mapping during ESD stress and failure analysis of smart power technology ESD protection devices&#8221;, J. Electrostatics, vol. 49 (3-4), pp. 195-213 (2000)<\/p>\n<p>C. F\u00fcrb\u00f6ck, K. Esmark, M. Litzenberger, D. Pogany, G. Groos, R. Zelsacher, M. Stecher, and E. Gornik, &#8220;Thermal and free carrier concentration mapping during ESD event in smart power ESD protection devices using an improved laser interferometric technique&#8221;, Microel. Reliab, Vol. 40 (8-10), pp.1365-1370 (2000) (special issue from ESREF&#8217;2000 Conference)<\/p>\n<p>S. Bychikhin, M. Litzenberger, R. Pichler, D. Pogany, E. Gornik, G. Groos and M. Stecher, &#8221;Thermal and free carrier laser interferometric mapping and failure analysis an &#8220;anti&#8221;-serially connected npn transistor ESD protection structures of smart power technology&#8221;,    ESREF 2001, 1.-5.Oct. 2001, Bordeaux, France, Microel. Reliab. 41 (2001) pp.1501-1506.<\/p>\n<p>D. Pogany, S. Bychikhin, M. Litzenberger, E. Gornik, G. Groos and M. Stecher, &#8220;Extraction of spatio-temporal distribution of power dissipation in semiconductor devices using nanosecond interferometric mapping technique&#8221;, Appl. Phys. Lett, vol. 81, no.15, pp.2881-2883, (2002).<\/p>\n<p>D. Pogany, V. Dubec, S. Bychikhin, C. F\u00fcrb\u00f6ck, M. Litzenberger, G. Groos, M. Stecher, E. Gornik, &#8220;Single-shot thermal energy mapping of semiconductor devices with the nanosecond resolution using holographic interferometry&#8221;, IEEE Electron. Dev. Lett., vol. 23, no. 10, pp.606-608, (2002).<\/p>\n<p>D. Pogany S. Bychikhin, C. F\u00fcrb\u00f6ck, M. Litzenberger, E. Gornik, G. Groos, K. Esmark, M. Stecher, &#8220;Quantitative internal thermal energy mapping of semiconductor devices under short current stress using backside laser interferometry&#8221;, IEEE Trans. Electron Dev., vol. 49, no.11, pp.2070-2079, (2002).<\/p>\n<p>M. Blaho, D. Pogany, E. Gornik, M. Denison, G. Groos, M. Stecher; &#8220;Study of internal behavior in a vertical DMOS transistor under short high current stress by an interferometric mapping method&#8221;; Microel. Rel. 43 (2003), 545-548<\/p>\n<p>D. Pogany, V. Dubec, S. Bychikhin, C. F\u00fcrb\u00f6ck, M. Litzenberger, S. Naumov, G. Groos, M. Stecher, E. Gornik, &#8220;Single-shot nanosecond thermal imaging of semiconductor devices using absorption measurements&#8221;, IEEE Trans. Dev. Mat. Reliab., vol. 3 (3), 2003, p. 85-88.<\/p>\n<p>D. Pogany , S. Bychikhin, J. Kuzmik , V. Dubec , N. Jensen , M. Denison, G. Groos, M. Stecher and E. Gornik, &#8220;Thermal distribution during destructive pulses in ESD protection devices using a single-shot, two-dimensional interferometric method&#8221;, IEEE Trans. Dev. Mat. Reliab. Vol. 3, 2003, pp.197-201.<\/p>\n<p>M. Denison, M. Blaho, P. Rodin, V. Dubec, D. Pogany, D. Silber, E. Gornik, M. Stecher: &#8220;Moving current filaments in integrated DMOS transistors under short duration current stress&#8221;, IEEE Trans. Electron Dev., vol.51, no.10, 2004, p.1695.<\/p>\n<p>V. Dubec, S. Bychikhin, M. Blaho, M. Heer, D. Pogany, E. Gornik, M. Denison, N. Jensen, M. Stecher, G. Groos, &#8220;Multiple-time-instant 2D thermal mapping during a single ESD event&#8221;, Microel. Reliab., vol. 44, 2004. pp.1793-1798, Presented at ESREF04, Zurich, Switzerland, 4-8 October 2004<\/p>\n<p>D. Pogany, S. Bychikhin, M. Denison, P. Rodin, N. Jensen, G. Groos, M. Stecher, E. Gornik, &#8220;Thermally-driven motion of current filaments in ESD protection devices&#8221;, Solid. St. Electronics, 2005, vol.49, no.3, 2005, 421-429.<\/p>\n<p>M. Heer, V. Dubec, M. Blaho, S. Bychikhin, D. Pogany, E. Gornik, M. Denison, M. Stecher, G. Groos, &#8220;Automated setup for thermal imaging and electrical degradation study of power DMOS devices&#8221; Microel. Reliab., vol. 45 (2005), p.188-1693. (ESREF&#8217;2005)<\/p>\n<p>S. Reggiani, E. Gnani, M. Rudan, G. Baccarani, S. Bychikhin, J. Kuzmik, D. Pogany, E. Gornik, M. Denison, N. Jensen, G. Groos, M. Stecher; &#8220;A new numerical and experimental analysis tool for ESD devices by means of the transient interferometric technique&#8221;, IEEE Electron Dev. Lett. 2005, vol. 26, no.12 (2005), p.916-918.<\/p>\n<p>C.F\u00fcrb\u00f6ck, N.Seliger, D.Pogany, M.Litzenberger, E.Gornik, M.Stecher, H.Gossner, W.Werner, &#8220;Backside laserprober characterization of thermal effects during high current stress in smart power ESD protection devices&#8221;, Int. Electron Dev. Meeting (IEDM) Techn. Digest , San Francisco, USA (1998) pp.691-694.<\/p>\n<p>C. F\u00fcrb\u00f6ck, M.Litzenberger, D.Pogany, E.Gornik, T. M\u00fcller-Lynch, H. Gossner , M. Stecher, W. Werner, &#8220;Study of bipolar transistor action during ESD stress in smart power ESD protection devices using interferometric temperature mapping&#8221;, Proc. ESSDERC&#8217;99, Leuven, Belgium 11-13. Sept. 1999, pp. 596-599.<\/p>\n<p>C. F\u00fcrb\u00f6ck, D. Pogany, M. Litzenberger, E. Gornik, N. Seliger, H. Gossner, T. M\u00fcller-Lynch, M. Stecher, W. Werner, &#8220;Interferometric temperature mapping during ESD stress and failure analysis of smart power technology ESD protection devices&#8221;, Proc. EOS\/ESD Symp., 26-30 Sept.1999, pp. 241-250.<\/p>\n<p>K. Esmark, C. F\u00fcrb\u00f6ck, H. Gossner, G. Groos, M. Litzenberger, D. Pogany, R. Zelsacher, M. Stecher, and E. Gornik, &#8220;Simulation and experimental study of temperature distribution during ESD stress in smart-power technology ESD protection devices&#8221;, Proc. Int. Reliab. Phys. Symp. (IRPS&#8217;2000), San Jose, California, April 10-13, 2000. p.304-309<\/p>\n<p>D. Pogany, C. F\u00fcrb\u00f6ck, M. Litzenberger, G. Groos, K. Esmark, P. Kamvar, H. Gossner, M. Stecher and E. Gornik, &#8220;Study of trigger instabilities in smart power technology ESD protection devices using a laser interferometric thermal mapping technique&#8221;, in Proc. EOS\/ESD Symposium, Sept 9-13, Portland, USA, pp.216-227.2001<\/p>\n<p>S. Bychikhin, M. Litzenberger, P. Kamvar, C. F\u00fcrb\u00f6ck, D. Pogany and E. Gornik G. Groos and M. Stecher, &#8220;Laser Interferometric Mapping of Smart Power ESD Protection Devices with Different Blocking Capabilities&#8221;, in Proc. ESSDERC 2001, Sept. 11.-13. 2001, Nuremberg, Germany, pp.231-234.<\/p>\n<p>M. Litzenberger, C. F\u00fcrb\u00f6ck, D.Pogany, E. Gornik, K. Esmark, G. Groos, H. Gossner, M. Stecher: &#8220;Study of trigger homogeneity in ESD protection devices using backside laser interferometry&#8221;, Proc. ITE&#8217;2001, Informationstagung Mikroelektronik, 2001, Vienna, ISBN 3-85133-022-6, \u00d6sterreichische Verband f\u00fcr Elektotechnik, p. 265-270.<\/p>\n<p>M. Litzenberger, C. F\u00fcrb\u00f6ck, R. Pichler, S. Bychikhin, D. Pogany, E. Gornik, K. Esmark, G. Groos, H. Gossner, M. Stecher, &#8220;Laser-interferometric investigation of triggering behavior in CMOS and smart power ESD protection structures&#8221;, Proc. GME2001 Forum, Vienna, 2001, Ed. K. Riedling,  ISBN:3-901578-07-2, pp. 129-132.<\/p>\n<p>M. Blaho, D. Pogany, E. Gornik, M. Denison, G. Groos, M. Stecher; &#8220;Investigation of the internal behavior of a vertical DMOS transistor under short duration, high current stress by an optical thermal mapping method&#8221;; Proc. 6th Int. seminar on power semiconductors (ISPS), Prague 2002, pp. 63-67 (2002).<\/p>\n<p>D. Pogany, M. Litzenberger, S. Bychikhin, E. Gornik, G. Groos, M. Stecher,&#8221;A method for extraction of power dissipating sources from interferometric thermal mapping measurements&#8221;, Proc. ESSDERC&#8217;2002, 24-26Sept. 2002, Florence, Italy, pp.243-246<\/p>\n<p>D. Pogany , S. Bychikhin, J. Kuzmik , V. Dubec , N. Jensen , M. Denison, G. Groos, M. Stecher and E. Gornik, &#8220;Thermal distribution during destructive pulses in ESD protection devices using a single-shot, two-dimensional interferometric method&#8221;, IEDM 2002 Techn. Digest, San Francisco, USA 2002, pp. 345-348<\/p>\n<p>D. Pogany, S. Bychikhin, E. Gornik, M. Denison, N. Jensen, G. Groos and M. Stecher: &#8220;Moving current filaments in ESD protection devices and their relation to electrical characteristics&#8221;, Proc. International reliability physics symposium (IRPS 2003), Dallas, USA, 30.9-3.4.2003, pp. 241-248<\/p>\n<p>M. Denison, M. Blaho, D. Silber, J. Joos, M. Stecher, V. Dubec, D. Pogany, E. Gornik: &#8220;Hot Spot Dynamics in Quasi Vertical DMOS under ESD Stress&#8221;, Proc. 15th International Symposium on Power Semiconductor Devices &#038; ICs (ISPSD&#8217;03), Cambridge, England, 14-17.4.2003, pp. 80-83.<\/p>\n<p>D. Pogany, S. Bychikhin, C. Pfl\u00fcgl, V. Dubec, J. Kuzmik, M. Blaho, M. Litzenberger, G. Strasser, E. Gornik, &#8220;Thermal mapping of semiconductor devices with nanosecond resolution&#8221;, invited speaker on Workshop (Advanced RF characterization techniques) on European Microwave week 2003, GAAS conference, Munich Germany, 8 October 2003, pp. 105-131.   <\/p>\n<p>N. Jensen, G. Groos, M. Denison, J. Kuzmik, D. Pogany, E. Gornik, M. Stecher, &#8220;Coupled bipolar transistors as very robust ESD protection devices for automotive applications&#8221;, Proc. EOS\/ESD Symp. 2003 , USA September 21-25, 2003 , Las Vegas, USA, pp. 313-318.<\/p>\n<p>M. Blaho, M. Denison, V.Dubec, D.Pogany, M.Stecher, E.Gornik, Hot spot mapping in the DMOS devices for automotive applications, Tagungsband &#8220;Mikroelektronik Tagung&#8221; 2003&#8243;, Proc. Microelectronics days (of Austria), p. 329.<\/p>\n<p>V. Dubec, S. Bychikhin, D. Pogany, E. Gornik, G. Groos, M. Stecher, &#8220;Error analysis in phase extraction in a 2D holographic imaging of semiconductor devices&#8221;, Proc. IS&#038;T\/SPIE 16th annual symposium on Electronic Imaging, Practical holography: Materials and Applications (EI03), San Jose, CA, USA, 2004, Proc. SPIE Vol. 5290, p. 233-242, Practical Holography XVIII: Materials and Applications; Tung H. Jeong, Hans I. Bjelkhagen; Eds.<\/p>\n<p>S. Reggiani, E. Gnani, M. Rudan, G. Baccarani, S. Bychikhin, J. Kuzmik, D. Pogany, E. Gornik, M. Denison, N. Jensen, G. Groos, M. Stecher, &#8220;Predictive device simulation for ESD protection structures validated with transient interferometric thermal &#8211; mapping experiments&#8221;, Proc. ESSDERC&#8217;2005, Grenoble, Sept 12-16, 2005, [Eds. G. Ghibaudo, T. Skotnicki, S. Christoloveanu, M. Brillouet, ISBN0-7803-9203-5, IEEE Catalog number:05EX1087 ] p.411-414.<\/p>\n<p>D. Pogany. S. Bychikhin, J. Kuzmik, E. Gornik, M. Denison, N. Jensen, M. Stecher, P. Rodin, G. Groos; &#8220;Observation of traveling current filaments in semiconductor devices using transient interferometric mapping&#8221;, Book of Abstracts: XXV Dynamics Days Europe, Berlin July 25-28, 2005, Europhysics Conference Series vol. 29E, p. 55-56, poster<\/p>\n<p>Reggiani, S.; Gnani, E.; Rudan, M.; Baccarani, G.; Bychikhin, S.; Kuzmik, J.; Pogany, D.; Gornik, E.; Denison, M.; Jensen, N.; Groos, G.; Stecher, M.; &#8220;A new numerical and experimental analysis tool for ESD devices by means of the transient interferometric technique&#8221;; Electron Device Letters, IEEE; Volume 26,  Issue 12,<\/p>\n<p>Reggiani, S.; Gnani, E.; Rudan, M.; Baccarani, G.; Corvasce, C.; Barlini, D.; Ciappa, M.; Fichtner, W.; Denison, M.; Jensen, N.; Groos, G.; Stecher, M.; &#8220;Measurement and modeling of the electron impact-ionization coefficient in silicon up to very high temperatures&#8221;; Electron Devices, IEEE Transactions on; Volume 52,  Issue 10,  Oct. 2005 Page(s):2290 &#8211; 2299<\/p>\n<p>Pogany, D.; Bychikhin, S.; Kuzmik, J.; Dubec, V.; Jensen, N.; Denison, M.; Groos, G.; Stecher, M.; Gornik, E.;&#8221;Thermal distribution during destructive pulses in ESD protection devices using a single-shot two-dimensional interferometric method&#8221;; Device and Materials Reliability, IEEE Transactions on Volume 3,  Issue 4,  Dec. 2003 Page(s):197 &#8211; 201<\/p>\n<p>Pogany, D.; Dubec, V.; Bychikhin, S.; Furbock, C.; Litzenberger, M.; Naumov, S.; Groos, G.; Stecher, M.; Gornik, E.;&#8221;Single-shot nanosecond thermal imaging of semiconductor devices using absorption measurements&#8221;; Device and Materials Reliability, IEEE Transactions on; Volume 3,  Issue 3,  Sept. 2003 Page(s):85 &#8211; 88<\/p>\n<p>Denison, M.; Blaho, M.; Rodin, P.; Dubec, V.; Pogany, D.; Silber, D.; Gornik, E.; Stecher, M.; &#8220;Moving current filaments in integrated DMOS transistors under short-duration current stress&#8221;; Electron Devices, IEEE Transactions on; Volume 51,  Issue 10,  Oct. 2004 Page(s):1695 &#8211; 1703<\/p>\n<p>Denison, M.; Blaho, M.; Rodin, P.; Dubec, V.; Pogany, D.; Silber, D.; Gornik, E.; Stecher, M.; &#8220;Moving current filaments in integrated DMOS transistors under short-duration current stress&#8221;; Electron Devices, IEEE Transactions on; Volume 51,  Issue 8,  Aug. 2004 Page(s):1331 &#8211; 1339<\/p>\n<p>Reggiani, S.; Gnani, E.; Rudan, M.; Baccarani, G.; Bychikhin, S.; Kuzmik, J.; Pogany, D.; Gornik, E.; Denison, M.; Jensen, N.; Groos, G.; Stecher, M.; &#8220;Predictive device simulation for ESD protection structures validated with transient interferometric thermal-mapping experiments&#8221;; Solid-State Device Research Conference, 2005. ESSDERC 2005. Proceedings of 35th European; 12-16 Sept. 2005 Page(s):411 &#8211; 414<\/p>\n<p>Morgenstern, H.; Groos, G.; Kohne, H.; Stecher, M.; John, W.; Reichl, H.; &#8220;Algorithm for the automatic verification of complex mixed-signal ICs regarding ESD-stress&#8221;; Research in Microelectronics and Electronics, 2005 PhD; Volume 1,  25-28 July 2005 Page(s):213 &#8211; 216 vol.1<\/p>\n<p>Pogany, D.; Bychikhin, S.; Gornik, E.; Denison, M.; Jensen, N.; Groos, G.; Stecher, M.; &#8220;Moving current filaments in ESD protection devices and their relation to electrical characteristics&#8221;; Reliability Physics Symposium Proceedings, 2003. 41st Annual. 2003 IEEE International; 30 March-4 April 2003 Page(s):241 &#8211; 248<\/p>\n<p>D. Johnsson, W. Mamamnee, S. Bychikhin, D. Pogany, E. Gornik, M. Stecher; &#8220;Second Breakdown Behavior in Bipolar ESD Protection Devices During Low Current Long Duration Stress and its Relation to Moving Current-Tubes&#8221;; IRPS 2008;<\/p>\n<p>D. Johnsson, M. Mayerhofer, J. Willemen, U. Glaser, D. Pogany, E. Gornik, and M. Stecher, &#8220;Avalanche Breakdown Delay in High Voltage PN-Junctions Caused by Pre-Pulse Voltage from IEC 61000-4-2 ESD Generators,&#8221; accepted for publication in IEEE T-DMR (2009).<\/p>\n<p>S. Frei, W. Wu, U. Hilger, D. Johnsson, and M. Stecher, &#8220;Packaging- und Handling-Prufungen nach ISO 10605: Wie vergleichbar sind Prufungen mit unterschiedlichen ESD-Generatoren?&#8221; in proceedings of 10th Forum of the Interessengemeinschaft Electro Static Dischage e.V., Munich, 2007, pp. 89-97.<\/p>\n<h2>Reliability during Electro-Thermal Cycling<\/h2>\n<p>T. Smorodin, J. Wilde, M. Stecher: &#8220;Multiscale physics-of-failure for power technology metallization under fast temperature cycle stress&#8221;; Multiscale Materials Modeling, 544 &#8211; 546, 2006<\/p>\n<p>T. Smorodin, J. Wilde, P. Alpern, M. Stecher: &#8220;Investigation and improvement of fast temperature-cycle reliability for DMOS-related conductor path design&#8221;; IEEE IRPS, 486 &#8211; 491, 2007<\/p>\n<p>T. Smorodin, J. Wilde, M. Glavanovics, M. Stecher: &#8220;Power-cycling of DMOS-switches triggers thermo-mechanical failure mechanisms&#8221;; IEEE ESSDERC, 139 &#8211; 142, 2007<\/p>\n<p>T. Smorodin, J. Wilde, M. Stecher: &#8220;Crack propagation in the interlayer dielectric of a power technology metallization under fast temperature cycle stress&#8221;, Micromaterials and Nanomaterials, 6, 232 &#8211; 233<\/p>\n<p>J. Gaspar, T. Smorodin, M. Stecher, O. Paul: &#8220;Bulge testing of silicon nitride films at the wafer level&#8221;, Mikrosystemtechnik Kongress,  2007<\/p>\n<p>Smorodin, T.   Wilde, J.   Alpern, P.   Stecher, M.: A Temperature-Gradient-Induced Failure Mechanism in Metallization Under Fast Thermal Cycling   Device and Materials Reliability, IEEE Transactions on; Sept. 2008; Volume: 8,  Issue: 3; 590-599<\/p>\n<h2>Production Processes<\/h2>\n<p>M. P\u00f6lzl, M. Stecher; &#8220;A strategy to detect plasma damage process steps within a  multilayer metallization technology&#8221;, 2nd International Symposium on  Plasma Process-<\/p>\n","protected":false},"excerpt":{"rendered":"<p>Device Physics Sales &#038; Marketing 2009 : Co-founder of the High Power Pulse Instruments GmbH Since 2005 : Technical consultant for smart power technology developments 1998 &#8211; 2005 : Technology <a class=\"more-link\" href=\"https:\/\/www.hppi.de\/?page_id=209\">Continue Reading \u2192<\/a><\/p>\n","protected":false},"author":1,"featured_media":0,"parent":0,"menu_order":0,"comment_status":"closed","ping_status":"closed","template":"","meta":{"footnotes":""},"class_list":["post-209","page","type-page","status-publish","hentry"],"_links":{"self":[{"href":"https:\/\/www.hppi.de\/index.php?rest_route=\/wp\/v2\/pages\/209","targetHints":{"allow":["GET"]}}],"collection":[{"href":"https:\/\/www.hppi.de\/index.php?rest_route=\/wp\/v2\/pages"}],"about":[{"href":"https:\/\/www.hppi.de\/index.php?rest_route=\/wp\/v2\/types\/page"}],"author":[{"embeddable":true,"href":"https:\/\/www.hppi.de\/index.php?rest_route=\/wp\/v2\/users\/1"}],"replies":[{"embeddable":true,"href":"https:\/\/www.hppi.de\/index.php?rest_route=%2Fwp%2Fv2%2Fcomments&post=209"}],"version-history":[{"count":7,"href":"https:\/\/www.hppi.de\/index.php?rest_route=\/wp\/v2\/pages\/209\/revisions"}],"predecessor-version":[{"id":1879,"href":"https:\/\/www.hppi.de\/index.php?rest_route=\/wp\/v2\/pages\/209\/revisions\/1879"}],"wp:attachment":[{"href":"https:\/\/www.hppi.de\/index.php?rest_route=%2Fwp%2Fv2%2Fmedia&parent=209"}],"curies":[{"name":"wp","href":"https:\/\/api.w.org\/{rel}","templated":true}]}}